{"id":1031,"date":"2013-04-29T11:44:12","date_gmt":"2013-04-29T11:44:12","guid":{"rendered":"https:\/\/emmausway.org\/?page_id=1031"},"modified":"2018-11-11T00:19:13","modified_gmt":"2018-11-11T00:19:13","slug":"about-us-de","status":"publish","type":"page","link":"https:\/\/emmausway.org\/de\/about-us-de\/","title":{"rendered":"\u00fcber uns"},"content":{"rendered":"<p>[et_pb_section fb_built=&#8220;1&#8243; admin_label=&#8220;section&#8220; _builder_version=&#8220;3.0.47&#8243;][et_pb_row use_custom_width=&#8220;on&#8220; custom_width_px=&#8220;1300px&#8220; _builder_version=&#8220;3.17.2&#8243;][et_pb_column type=&#8220;2_5&#8243; _builder_version=&#8220;3.17.2&#8243; parallax=&#8220;off&#8220; parallax_method=&#8220;on&#8220;][et_pb_image_n10s src=&#8220;https:\/\/emmausway.org\/wp-content\/uploads\/2011\/12\/a_y_kiss.jpg&#8220; n10s_type=&#8220;berlin&#8220; image_as_url=&#8220;off&#8220; _builder_version=&#8220;3.17.2&#8243;][\/et_pb_image_n10s][et_pb_image_n10s src=&#8220;https:\/\/emmausway.org\/wp-content\/uploads\/2011\/12\/a_y_4.jpg&#8220; n10s_type=&#8220;berlin&#8220; image_as_url=&#8220;off&#8220; _builder_version=&#8220;3.17.2&#8243;][\/et_pb_image_n10s][\/et_pb_column][et_pb_column type=&#8220;3_5&#8243; _builder_version=&#8220;3.17.2&#8243; parallax=&#8220;off&#8220; parallax_method=&#8220;on&#8220;][et_pb_text _builder_version=&#8220;3.17.2&#8243; text_font=&#8220;||||||||&#8220; text_font_size=&#8220;19px&#8220; text_line_height=&#8220;1.8em&#8220;]Das Leben von Arni und Yonit Klein ist von radikalen Ver\u00e4nderungen und Quantenspr\u00fcngen gekennzeichnet. Sie trafen sich 1969 in Manhattan und heirateten zwei Monate sp\u00e4ter. Ohne Jeshua zu kennen, aber gemeinsam auf der Suche, waren sie dennoch nach vier Jahren bereits getrennt und standen vor der Scheidung. Im Fr\u00fchling 1973 kamen sie unabh\u00e4ngig voneinander zum Glauben und dann auch wieder als Paar zusammen. Neunzehn Jahre lang dienten sie in verschiedenen Funktionen in New York City, bis sie 1992 nach Israel auswanderten. Sie haben zwei Kinder, Jonathan und Stephanie, und vier Enkelkinder. Arni ist Jude und hat \u00f6sterreichische, polnische und russische Wurzeln. Yonits Vorfahren stammen aus England, Italien und Wales. Obwohl Arni j\u00fcdisch aufwuchs, erkannte er erst f\u00fcnfzehn Jahre, nachdem er Jeshua begegnet war, Israels Stellung in Gottes globalem Endzeitplan. Zwischen 1992 und 2000 dienten sie zeitweise als Gemeinde\u00e4lteste, leiteten einen gemeindlichen Musikdienst und waren Produzenten einer evangelistischen Musik- und Stra\u00dfentheaterauff\u00fchrung. Arni nahm ein Album mit hebr\u00e4ischen Liedern f\u00fcr Menschen auf der Suche (\u201eOne Way Ticket\u201c) auf, und ihr Weg zum Glauben \u201eNichts zu verlieren\u201c wurde auf Hebr\u00e4isch und Deutsch als Buch herausgegeben und ist auch auf dieser Webseite zu finden. Von 1999 bis 2012 unterhielten sie Besuchszentren in Tel Aviv und im jud\u00e4ischen H\u00fcgelland, um f\u00fcr Geschwister aus Israel und den Nationen einen Ort f\u00fcr Gebet und Dienst am Herrn bereitzustellen. Von 1998 bis 2003 arbeiteten sie unter Ureinwohnern aus verschiedenen L\u00e4ndern, um ihnen zu helfen, ihre Berufung und einzigartige Rolle in Gottes Plan f\u00fcr Israel zu verstehen. Seit 2003 arbeiten sie intensiv in Deutschland, wobei einer ihrer Schwerpunkte ist, eine Br\u00fccke zwischen den jungen Menschen aus beiden L\u00e4ndern zu bauen. Dreizehn Jahre lang waren sie Teil der Gemeinschaft der Gl\u00e4ubigen im Gebiet um Tel Aviv und acht Jahre in Jerusalem. Im Moment wohnen sie in einem Dorf in der N\u00e4he von Tiberias und geh\u00f6ren der Morningstar-Gemeinde an. Sowohl auf pers\u00f6nlicher Ebene als auch als Dienst m\u00f6chten sie mit anderen Geschwistern in Partnerschaft treten, wann immer das m\u00f6glich ist, und sie haben sich dazu verpflichtet, in Transparenz und Verantwortlichkeit zu wandeln. Weitere Informationen kann man unter \u201eDie Geschichte von Emmaus Way\u201c finden.[\/et_pb_text][\/et_pb_column][\/et_pb_row][\/et_pb_section]<\/p>\n","protected":false},"excerpt":{"rendered":"<p>Das Leben von Arni und Yonit Klein ist von radikalen Ver\u00e4nderungen und Quantenspr\u00fcngen gekennzeichnet. Sie trafen sich 1969 in Manhattan und heirateten zwei Monate sp\u00e4ter. Ohne Jeshua zu kennen, aber gemeinsam auf der Suche, waren sie dennoch nach vier Jahren bereits getrennt und standen vor der Scheidung. Im Fr\u00fchling 1973 kamen sie unabh\u00e4ngig voneinander zum [&hellip;]<\/p>\n","protected":false},"author":4,"featured_media":0,"parent":0,"menu_order":0,"comment_status":"open","ping_status":"open","template":"","meta":{"_et_pb_use_builder":"on","_et_pb_old_content":"<p class=\"alignleft size-medium wp-image-948\"><a href=\"https:\/\/emmausway.org\/wp-content\/uploads\/2011\/12\/a_y_kiss.jpg\"><img class=\"alignleft\" alt=\"love one another\" src=\"https:\/\/emmausway.org\/wp-content\/uploads\/2011\/12\/a_y_kiss-300x223.jpg\" width=\"273\" height=\"203\" \/><\/a>The life of Arni and Yonit Klein has been marked by radical shifts and quantum leaps. They met in 1969 in Manhattan and married two months later.\u00a0 As yet without the knowledge of Yeshua but bonded as seekers, within four years they were separated on the verge of divorce.\u00a0 In the spring of 1973, they separately came to faith and were reunited.\u00a0 For 19 years they served in various capacities in New York City until they immigrated\u00a0 to Israel in 1992.\u00a0 They have two children, Jonathan and Stephanie, and four grandchildren.\u00a0 Arni is Jewish from Austrian, Polish, and Russian descent; Yonit\u2019s ancestors were from England, Italy, and Wales.\u00a0 Though raised in a Jewish home, only fifteen years after meeting Yeshua did Arni come to understand the place of Israel in God\u2019s global end-time plan. For various seasons between 1992 and 2000, they served as congregational elders, directed a congregational\u00a0 music ministry, and produced a music and drama street outreach.\u00a0 Arni has recorded an album of original Hebrew songs for seekers (\u201cOne Way Ticket\u201d), and their journey to faith \u201cNothing to Lose\u201d is published in Hebrew and German and can be found on this website in English.\u00a0 From 1999 to 2012 they stewarded centers in Tel Aviv and the Judean Hills to provide a place for brethren from Israel and the nations\u00a0 to pray and minister to the Lord.\u00a0 From 1998 to 2003 they worked with First Nations peoples from various countries to help them understand their calling and unique role in God\u2019s plans for Israel.\u00a0 Since 2003 they have worked extensively in Germany with a focus on building a bridge between the youth in both nations. They have been part of the community of believers in the Tel Aviv area for 13 years and\u00a0 Jerusalem for 8 years.\u00a0 They\u00a0 currently reside in a village near Tiberias, and are part of the Morningstar Congregation.\u00a0 As individuals and as a ministry, they desire to partner with other brethren whenever possible and are committed to walking in transparency and accountability.\u00a0 For more information you can go to \u201cThe History of Emmaus Way.\u201d<\/p>","_et_gb_content_width":"","ngg_post_thumbnail":0},"_links":{"self":[{"href":"https:\/\/emmausway.org\/de\/wp-json\/wp\/v2\/pages\/1031"}],"collection":[{"href":"https:\/\/emmausway.org\/de\/wp-json\/wp\/v2\/pages"}],"about":[{"href":"https:\/\/emmausway.org\/de\/wp-json\/wp\/v2\/types\/page"}],"author":[{"embeddable":true,"href":"https:\/\/emmausway.org\/de\/wp-json\/wp\/v2\/users\/4"}],"replies":[{"embeddable":true,"href":"https:\/\/emmausway.org\/de\/wp-json\/wp\/v2\/comments?post=1031"}],"version-history":[{"count":6,"href":"https:\/\/emmausway.org\/de\/wp-json\/wp\/v2\/pages\/1031\/revisions"}],"predecessor-version":[{"id":3379,"href":"https:\/\/emmausway.org\/de\/wp-json\/wp\/v2\/pages\/1031\/revisions\/3379"}],"wp:attachment":[{"href":"https:\/\/emmausway.org\/de\/wp-json\/wp\/v2\/media?parent=1031"}],"curies":[{"name":"wp","href":"https:\/\/api.w.org\/{rel}","templated":true}]}}