{"id":1043,"date":"2013-04-29T11:56:30","date_gmt":"2013-04-29T11:56:30","guid":{"rendered":"https:\/\/emmausway.org\/?page_id=1043"},"modified":"2018-11-11T01:26:36","modified_gmt":"2018-11-11T01:26:36","slug":"mandate-de","status":"publish","type":"page","link":"https:\/\/emmausway.org\/de\/mandate-de\/","title":{"rendered":"Mandat"},"content":{"rendered":"<p>[et_pb_section fb_built=&#8220;1&#8243; _builder_version=&#8220;3.0.47&#8243;][et_pb_row _builder_version=&#8220;3.0.48&#8243; background_size=&#8220;initial&#8220; background_position=&#8220;top_left&#8220; background_repeat=&#8220;repeat&#8220;][et_pb_column type=&#8220;1_2&#8243; _builder_version=&#8220;3.0.47&#8243; parallax=&#8220;off&#8220; parallax_method=&#8220;on&#8220;][et_pb_text _builder_version=&#8220;3.17.2&#8243;]<\/p>\n<div id=\"id3\">\n<p><b>Biblische Grundlage:<\/b><b><\/b><\/p>\n<p>Die Errettung Israels ist ein wichtiger Schl\u00fcssel im Heilsplan Gottes f\u00fcr diese Welt (R\u00f6mer 11:11,12,15).<\/p>\n<p>Israel ist ein Kanal f\u00fcr Segen oder Fluch f\u00fcr ganze Nationen und f\u00fcr Einzelne\u00a0(1.Mose 12:3; R\u00f6mer 15:8).<\/p>\n<p>Die Wiederkunft des Herrn ist untrennbar mit dem geistlichen Erwachen Israels verbunden (Lukas 13:35).<\/p>\n<p><b>Daraus folgende Tatsachen:<\/b><b><\/b><\/p>\n<p>Israel ist das am st\u00e4rksten umk\u00e4mpfte Land der Erde. Der Herr sucht nach einer Generation von Israelis, die ihn anbeten. Diese Generation wird vom Reich der Finsternis sehr gef\u00fcrchtet. Satan ist bereit, alles zu tun, um die Jugend in Israel zu zerst\u00f6ren.<\/p>\n<p><b>Schlussfolgerung:<\/b><b><\/b><\/p>\n<p>Die Jugend in Israel ist eine gef\u00e4hrdete Generation&#8230; mehr noch als jede andere in der modernen Geschichte.<\/p>\n<p><b>Endziel:<\/b><b><\/b><\/p>\n<p>Unsere\u00a0 Hauptberufung ist es, dem Herzen Gottes zu dienen und den Weg f\u00fcr die Wiederkunft des Messias vorzubereiten.<\/p>\n<p><b>Geistliche Perspektive:<\/b><b><\/b><\/p>\n<p>Unser Kampf ist nicht gegen Fleisch und Blut gerichtet. Es geht nicht darum, Menschen durch gute Argumente zu \u00fcberzeugen, sondern vielmehr darum, die geistlichen M\u00e4chte zu vertreiben, die ihnen die Augen verblendet haben (2. Korinther 4:4), damit die Worte ihre Herzen erreichen k\u00f6nnen. Unser Augenmerk muss darauf gerichtet sein, uns mit dem Herrn zu befassen, und er wird sich mit dem Feind befassen. Die Geister, die uns lokal in Israel besch\u00e4ftigen, haben Auswirkungen auf die ganze Welt. Es sind dieselben M\u00e4chte, die unseren Herrn gekreuzigt haben.<\/p>\n<p><b>Strategie:<\/b><b><\/b><\/p>\n<p>Wir wollen den Leib des Herrn in Israel und in den Nationen zusammenrufen, um Gott anzubeten, damit seine Gegenwart sich hier dauerhaft niederl\u00e4sst. So wird letzten Endes seine Herrlichkeit die Finsternis zerschlagen und die Gefangenen befreien.<\/p>\n<p><b>Bitte bedenkt:<\/b><\/p>\n<p>Jeder Versuch, die \u201eIsraelfrage\u201c direkt anzugehen, wird der Sache niemals wirklich gerecht werden, denn dies wird entweder auf menschlichen Emotionen oder auf dem Stolz des menschlichen Verstandes basieren. Eine wirklich ausgewogenen Liebe und Leidenschaft f\u00fcr die Errettung Israels kann nur das Nebenprodukt einer intimen Beziehung mit dem Herrn sein.<\/p>\n<p><b>Berufung f\u00fcr Deutschland:<\/b><\/p>\n<p>Der Teufel benutzte Deutschland bei seinem Versuch, die Wiederkunft des Herrn zu verhindern. Satan wollte nicht nur Israel zerst\u00f6ren, sondern auch Deutschland. Wir glauben, wie viele andere, dass Deutschland die Berufung und die Salbung hat, ein starker Einfluss in Europa und ein Segen f\u00fcr Israel zu sein. Im Jahr 2003 \u00f6ffnete der Herr unsere Augen, um Deutschland so zu sehen wie er, und er berief uns dazu, unser Leben dort langfristig zu investieren &#8230; besonders, um die junge Generation zu erreichen.<\/p>\n<\/div>\n<p>[\/et_pb_text][\/et_pb_column][et_pb_column type=&#8220;1_2&#8243; _builder_version=&#8220;3.0.47&#8243; parallax=&#8220;off&#8220; parallax_method=&#8220;on&#8220;][et_pb_image_n10s src=&#8220;https:\/\/emmausway.org\/wp-content\/uploads\/2012\/10\/droppedImage.jpg&#8220; image_as_url=&#8220;off&#8220; _builder_version=&#8220;3.17.2&#8243; n10s_type=&#8220;berlin&#8220; hover_transition_duration=&#8220;0ms&#8220;][\/et_pb_image_n10s][\/et_pb_column][\/et_pb_row][\/et_pb_section]<\/p>\n","protected":false},"excerpt":{"rendered":"<p>Biblische Grundlage: Die Errettung Israels ist ein wichtiger Schl\u00fcssel im Heilsplan Gottes f\u00fcr diese Welt (R\u00f6mer 11:11,12,15). Israel ist ein Kanal f\u00fcr Segen oder Fluch f\u00fcr ganze Nationen und f\u00fcr Einzelne\u00a0(1.Mose 12:3; R\u00f6mer 15:8). Die Wiederkunft des Herrn ist untrennbar mit dem geistlichen Erwachen Israels verbunden (Lukas 13:35). Daraus folgende Tatsachen: Israel ist das am [&hellip;]<\/p>\n","protected":false},"author":4,"featured_media":1047,"parent":0,"menu_order":0,"comment_status":"closed","ping_status":"closed","template":"","meta":{"_et_pb_use_builder":"on","_et_pb_old_content":"<div id=\"id3\"><h3><img class=\"alignright size-full wp-image-3381\" src=\"https:\/\/emmausway.org\/wp-content\/uploads\/2012\/10\/droppedImage.jpg\" alt=\"mandate\" width=\"332\" height=\"249\">Biblical Foundation<\/h3><p>The salvation of Israel is a major key in God\u2019s plan for world salvation.\u00a0 Rom.11:11,12,15<\/p><p>Israel is a channel of blessing or cursing for nations and individuals.<\/p><p>Gen.12:3; Rom.15:8<\/p><p>The Lord\u2019s return is tied to Israel\u2019s spiritual awakening.<\/p><p>Lk. 13:35<\/p><p>\u00a0<\/p><h3>Subsequent Reality<\/h3><p>Israel is the most contested land on the face of the earth.\u00a0 The Lord is seeking for a generation of Israelis that will worship Him.\u00a0 That generation is greatly feared by the kingdom of darkness.\u00a0 Satan will go to any length to destroy the youth of Israel.<\/p><p>\u00a0<\/p><h3>Conclusion<\/h3><p>This generation of Israeli youth is more at risk than any other in modern history.<\/p><p>\u00a0<\/p><h3>Ultimate Objective<\/h3><p>Our primary call is\u00a0 to minister to the heart of God and prepare the way for Messiah\u2019s return.<\/p><p>\u00a0<\/p><h3>Spiritual Perspective<\/h3><p>Our battle is not against flesh and blood.\u00a0 It is not to convince people through good arguments.\u00a0 The spiritual forces blinding their eyes (2Cor.4:4) must be removed in order to reach their hearts.\u00a0 Our focus is to engage the Lord and let Him engage the enemy.\u00a0 Spirits that are local to Israel affect the entire world. They are the same ones that crucified Yeshua.<\/p><p>\u00a0<\/p><h3>Strategy<\/h3><p>To gather the Lord\u2019s Body in Israel and the nations to come to Israel to worship God,\u00a0so that His Presence would abide here, to the end that the light of His Glory would shatter the darkness and release the captives.<\/p><p>\u00a0<\/p><h3>Remember<\/h3><p>Any attempt to directly approach the \u201cIsrael question\u201d will always fall short.\u00a0 It will either be based in human emotion or the pride of human intellect.\u00a0 A truly balanced love and passion for the salvation of Israel can only be a bi-product of an intimate relationship with God.<\/p><p>\u00a0<\/p><h3>Call to Germany<\/h3><p>The devil used Germany in an attempt to stop the Lord\u2019s return. Satan not only wanted to destroy Israel, but Germany as well.\u00a0 We believe, as do many others, that Germany has the calling and anointing to be a strong influence in Europe and a blessing to Israel.\u00a0 In 2003 God opened our eyes to see Germany as He did, and called us to make a long-term investment of our lives\u2026in particular to reach the young generation.<\/p><p>\u00a0<\/p><\/div>","_et_gb_content_width":"","ngg_post_thumbnail":0},"_links":{"self":[{"href":"https:\/\/emmausway.org\/de\/wp-json\/wp\/v2\/pages\/1043"}],"collection":[{"href":"https:\/\/emmausway.org\/de\/wp-json\/wp\/v2\/pages"}],"about":[{"href":"https:\/\/emmausway.org\/de\/wp-json\/wp\/v2\/types\/page"}],"author":[{"embeddable":true,"href":"https:\/\/emmausway.org\/de\/wp-json\/wp\/v2\/users\/4"}],"replies":[{"embeddable":true,"href":"https:\/\/emmausway.org\/de\/wp-json\/wp\/v2\/comments?post=1043"}],"version-history":[{"count":11,"href":"https:\/\/emmausway.org\/de\/wp-json\/wp\/v2\/pages\/1043\/revisions"}],"predecessor-version":[{"id":3393,"href":"https:\/\/emmausway.org\/de\/wp-json\/wp\/v2\/pages\/1043\/revisions\/3393"}],"wp:featuredmedia":[{"embeddable":true,"href":"https:\/\/emmausway.org\/de\/wp-json\/wp\/v2\/media\/1047"}],"wp:attachment":[{"href":"https:\/\/emmausway.org\/de\/wp-json\/wp\/v2\/media?parent=1043"}],"curies":[{"name":"wp","href":"https:\/\/api.w.org\/{rel}","templated":true}]}}